{"id":7801,"date":"2024-08-16T12:20:32","date_gmt":"2024-08-16T12:20:32","guid":{"rendered":"https:\/\/www.drkuye.net\/seguros\/"},"modified":"2025-10-14T18:43:26","modified_gmt":"2025-10-14T18:43:26","slug":"seguros","status":"publish","type":"page","link":"https:\/\/www.drkuye.net\/es\/servicios\/seguros\/","title":{"rendered":"Seguros"},"content":{"rendered":"<div class=\"wpb-content-wrapper\"><p>[vc_section el_id=&#8221;page_header&#8221;][vc_row css=&#8221;.vc_custom_1650626901645{background-color: #d9265d !important;}&#8221;][vc_column][vc_empty_space height=&#8221;45px&#8221; el_class=&#8221;show-for-large&#8221;][vc_empty_space height=&#8221;24px&#8221; el_class=&#8221;hide-for-large&#8221;][vc_row_inner el_class=&#8221;row no-padding-vc&#8221;][vc_column_inner][vc_column_text css=&#8221;&#8221;]<\/p>\n<h1 class=\"page-heading alt-white\" style=\"text-align: center;\">No pierdas a tu M\u00e9dico de confianza<\/h1>\n<p>[\/vc_column_text][\/vc_column_inner][\/vc_row_inner][vc_empty_space height=&#8221;45px&#8221; el_class=&#8221;show-for-large&#8221;][vc_empty_space height=&#8221;24px&#8221; el_class=&#8221;hide-for-large&#8221;][\/vc_column][\/vc_row][\/vc_section][vc_section el_id=&#8221;insurance-landing-page-section_1&#8243;][vc_row][vc_column][vc_empty_space height=&#8221;90px&#8221; el_class=&#8221;show-for-large&#8221;][vc_empty_space height=&#8221;45px&#8221; el_class=&#8221;hide-for-large&#8221;][vc_row_inner equal_height=&#8221;yes&#8221; content_placement=&#8221;middle&#8221; el_class=&#8221;row expanded collapse no-padding-vc content-width&#8221;][vc_column_inner el_class=&#8221;column-right large-order-2&#8243; width=&#8221;1\/2&#8243;][vc_column_text css=&#8221;&#8221;]<\/p>\n<p class=\"\" style=\"text-align: center;\"><img loading=\"lazy\" decoding=\"async\" class=\"alignnone wp-image-4504 size-full\" src=\"https:\/\/www.drkuye.net\/wp-content\/uploads\/2024\/08\/insurance-landing-page-section-1-img_1.png\" alt=\"Seguro m\u00e9dico en Harllingen Texas. Mujer revisando documento de seguro. \" width=\"944\" height=\"490\" srcset=\"https:\/\/www.drkuye.net\/wp-content\/uploads\/2024\/08\/insurance-landing-page-section-1-img_1.png 944w, https:\/\/www.drkuye.net\/wp-content\/uploads\/2024\/08\/insurance-landing-page-section-1-img_1-300x156.png 300w, https:\/\/www.drkuye.net\/wp-content\/uploads\/2024\/08\/insurance-landing-page-section-1-img_1-768x399.png 768w\" sizes=\"auto, (max-width: 944px) 100vw, 944px\" \/><\/p>\n<p>[\/vc_column_text][vc_empty_space height=&#8221;30px&#8221; el_class=&#8221;hide-for-large&#8221;][\/vc_column_inner][vc_column_inner el_class=&#8221;column-left large-order-1&#8243; width=&#8221;1\/2&#8243;][vc_column_text css=&#8221;&#8221; el_class=&#8221;column-left-content text-center xlarge-text-left float-right-for-xlarge&#8221;]<\/p>\n<h4 class=\"bottom-buffer-1point5rem\">Compru\u00e9balo antes de cambiar de seguro<\/h4>\n<p class=\"big remove-br\">Conf\u00edass en tu m\u00e9dico para que te mantenga sano y te ayude a tomar decisiones de salud inteligentes. \u00bfQu\u00e9 pasar\u00eda si un d\u00eda fueras a una consulta y descubrieras que ya no pueden atenderte? \u00bfTendr\u00edas que saltarte cuidados oncol\u00f3gicos, cancelar citas o dejar de tratar tu enfermedad cr\u00f3nica hasta que encuentres a alguien nuevo?<\/p>\n<p>[\/vc_column_text][\/vc_column_inner][\/vc_row_inner][vc_empty_space height=&#8221;90px&#8221; el_class=&#8221;show-for-large&#8221;][vc_empty_space height=&#8221;45px&#8221; el_class=&#8221;hide-for-large&#8221;][\/vc_column][\/vc_row][\/vc_section][vc_section el_id=&#8221;insurance-landing-page-section_2&#8243;][vc_row el_class=&#8221;bg-gradient-top&#8221;][vc_column][vc_empty_space height=&#8221;90px&#8221; el_class=&#8221;show-for-large&#8221;][vc_empty_space height=&#8221;45px&#8221; el_class=&#8221;hide-for-large&#8221;][vc_row_inner el_class=&#8221;row no-padding-vc&#8221;][vc_column_inner][vc_column_text css=&#8221;&#8221;]<\/p>\n<h2 class=\"h1 bottom-buffer-1point5rem\" style=\"text-align: center;\">Cambia de seguro en 3 sencillos pasos<\/h2>\n<p class=\"big remove-br\" style=\"text-align: center;\">Para muchos pacientes, este problema es una realidad. \u00bfLa raz\u00f3n? Elegir un nuevo plan de seguro sin verificar los detalles. Esto no significa que no debas cambiar de cobertura, sino que es clave asegurarte de que tu seguro te permita seguir con tus m\u00e9dicos de confianza. Antes de elegir un nuevo plan, sigue estos tres pasos esenciales.<\/p>\n<p>[\/vc_column_text][\/vc_column_inner][\/vc_row_inner][vc_empty_space height=&#8221;90px&#8221; el_class=&#8221;show-for-large&#8221;][vc_empty_space height=&#8221;45px&#8221; el_class=&#8221;hide-for-large&#8221;][vc_row_inner el_class=&#8221;row no-padding-vc&#8221;][vc_column_inner el_class=&#8221;column-left large-order-1&#8243; width=&#8221;1\/3&#8243;][vc_column_text css=&#8221;&#8221;]<\/p>\n<p class=\"bottom-buffer-1point5rem\" style=\"text-align: center; min-height: 103px;\"><img loading=\"lazy\" decoding=\"async\" class=\"alignnone wp-image-4495\" src=\"\/wp-content\/uploads\/2024\/08\/insurance-icon-time.png\" alt=\"time icon\" width=\"88\" height=\"87\" \/><\/p>\n<h4 class=\"bottom-buffer-1point5rem\" style=\"text-align: center;\">T\u00f3mate tu tiempo<\/h4>\n<p class=\"big remove-br\" style=\"text-align: center;\">A veces, recibes llamadas telef\u00f3nicas o cartas de proveedores de seguros que te hacen sentir que cambiar de seguro es lo \u00fanico correcto. Sin embargo, no hay prisa. Pero antes de suscribirte a un nuevo plan, t\u00f3mate tu tiempo para asegurarte de que el nuevo plan satisfar\u00e1 todas tus necesidades sanitarias.<\/p>\n<p>[\/vc_column_text][vc_empty_space height=&#8221;30px&#8221; el_class=&#8221;hide-for-large&#8221;][\/vc_column_inner][vc_column_inner width=&#8221;1\/3&#8243;][vc_column_text css=&#8221;&#8221;]<\/p>\n<p class=\"bottom-buffer-1point5rem\" style=\"text-align: center; min-height: 103px;\"><img loading=\"lazy\" decoding=\"async\" class=\"alignnone wp-image-56\" src=\"\/wp-content\/uploads\/2024\/08\/insurance-icon-plan.png\" alt=\"checklist icon\" width=\"92\" height=\"86\" \/><\/p>\n<h4 class=\"bottom-buffer-1point5rem\" style=\"text-align: center;\">Aseg\u00farate de que tus m\u00e9dicos proveedores acepten el nuevo plan<\/h4>\n<p class=\"big remove-br\" style=\"text-align: center;\">Antes de inscribirte en un nuevo plan, es muy importante que consultes con cada uno de tus m\u00e9dicos de confianza. Aseg\u00farate de que aceptan tu nuevo plan de seguro, para que puedas seguir contando con tu equipo de confianza incluso despu\u00e9s del cambio.<\/p>\n<p>[\/vc_column_text][vc_empty_space height=&#8221;30px&#8221; el_class=&#8221;hide-for-large&#8221;][\/vc_column_inner][vc_column_inner width=&#8221;1\/3&#8243;][vc_column_text css=&#8221;&#8221;]<\/p>\n<p class=\"bottom-buffer-1point5rem\" style=\"text-align: center; min-height: 103px;\"><img loading=\"lazy\" decoding=\"async\" class=\"alignnone wp-image-56\" src=\"\/wp-content\/uploads\/2024\/08\/insurance-icon-understand.png\" alt=\"icono de rompecabeza\" width=\"92\" height=\"86\" \/><\/p>\n<h4 class=\"bottom-buffer-1point5rem\" style=\"text-align: center;\">Comprende cualquier plan antes de adoptarlo<\/h4>\n<p class=\"big remove-br\" style=\"text-align: center;\">A veces, los pacientes cambian de plan de seguro sin darse cuenta, o lo hacen sin entender exactamente c\u00f3mo cambiar\u00e1 su cobertura. Antes de cambiar de seguro, aseg\u00farate de que entiendes todo el plan y lo que tienes que hacer para que el cambio sea oficial.<\/p>\n<p>[\/vc_column_text][vc_empty_space height=&#8221;30px&#8221; el_class=&#8221;hide-for-large&#8221;][\/vc_column_inner][\/vc_row_inner][vc_empty_space height=&#8221;45px&#8221; el_class=&#8221;hide-for-large&#8221;][vc_empty_space height=&#8221;90px&#8221;][\/vc_column][\/vc_row][\/vc_section][vc_section el_id=&#8221;contact-form&#8221;][vc_row css=&#8221;.vc_custom_1650626917140{border-top-width: 1px !important;background-color: #1c004f !important;border-top-color: rgba(255,255,255,0.2) !important;border-top-style: solid !important;}&#8221;][vc_column][vc_empty_space height=&#8221;90px&#8221; el_class=&#8221;show-for-large&#8221;][vc_empty_space height=&#8221;45px&#8221; el_class=&#8221;hide-for-large&#8221;][vc_row_inner el_class=&#8221;row no-padding-vc&#8221;][vc_column_inner][vc_column_text css=&#8221;&#8221;]<\/p>\n<h2 class=\"h1 alt-white bottom-buffer-1point5rem\" style=\"text-align: center;\">Contacta con nosotros<\/h2>\n<p class=\"big alt-white remove-br\" style=\"text-align: center;\">Si tienes preguntas en<br \/>\nsobre c\u00f3mo afectar\u00e1 un nuevo plan de seguros a tu relaci\u00f3n con el Grupo M\u00e9dico Kuye, ponte en contacto con nosotros. Estaremos encantados de responder a todas tus preguntas.<\/p>\n<p>[\/vc_column_text][\/vc_column_inner][\/vc_row_inner][vc_empty_space height=&#8221;75px&#8221; el_class=&#8221;show-for-large&#8221;][vc_empty_space height=&#8221;45px&#8221; el_class=&#8221;hide-for-large&#8221;][vc_row_inner el_class=&#8221;row no-padding-vc align-center&#8221;][vc_column_inner el_class=&#8221;large-centered&#8221; width=&#8221;8\/12&#8243;]\n<div class=\"wpcf7 no-js\" id=\"wpcf7-f7810-o1\" lang=\"es-MX\" dir=\"ltr\" data-wpcf7-id=\"7810\">\n<div class=\"screen-reader-response\"><p role=\"status\" aria-live=\"polite\" aria-atomic=\"true\"><\/p> <ul><\/ul><\/div>\n<form action=\"\/es\/wp-json\/wp\/v2\/pages\/7801#wpcf7-f7810-o1\" method=\"post\" class=\"wpcf7-form init\" aria-label=\"Contact form\" novalidate=\"novalidate\" data-status=\"init\">\n<fieldset class=\"hidden-fields-container\"><input type=\"hidden\" name=\"_wpcf7\" value=\"7810\" \/><input type=\"hidden\" name=\"_wpcf7_version\" value=\"6.1.5\" \/><input type=\"hidden\" name=\"_wpcf7_locale\" value=\"es_MX\" \/><input type=\"hidden\" name=\"_wpcf7_unit_tag\" value=\"wpcf7-f7810-o1\" \/><input type=\"hidden\" name=\"_wpcf7_container_post\" value=\"0\" \/><input type=\"hidden\" name=\"_wpcf7_posted_data_hash\" value=\"\" \/>\n<\/fieldset>\n<div class=\"row collapse\">\n\t<div class=\"columns small-12\">\n\t\t<div class=\"row collapse\">\n\t\t\t<div class=\"columns small-6 large-6\">\n\t\t\t\t<p><span class=\"wpcf7-form-control-wrap\" data-name=\"full-name\"><input size=\"40\" maxlength=\"400\" class=\"wpcf7-form-control wpcf7-text wpcf7-validates-as-required\" aria-required=\"true\" aria-invalid=\"false\" placeholder=\"Nombre*.\" value=\"\" type=\"text\" name=\"full-name\" \/><\/span>\n\t\t\t\t<\/p>\n\t\t\t<\/div>\n\t\t\t<div class=\"columns small-6 large-6\">\n\t\t\t\t<p><span class=\"wpcf7-form-control-wrap\" data-name=\"email\"><input size=\"40\" maxlength=\"400\" class=\"wpcf7-form-control wpcf7-email wpcf7-validates-as-required wpcf7-text wpcf7-validates-as-email\" aria-required=\"true\" aria-invalid=\"false\" placeholder=\"Correo electr\u00f3nico\" value=\"\" type=\"email\" name=\"email\" \/><\/span>\n\t\t\t\t<\/p>\n\t\t\t<\/div>\n\t\t<\/div>\n\t\t<div class=\"row collapse\">\n\t\t\t<div class=\"columns small-6 large-6\">\n\t\t\t\t<p><span class=\"wpcf7-form-control-wrap\" data-name=\"mobile-phone\"><input size=\"40\" maxlength=\"400\" class=\"wpcf7-form-control wpcf7-text wpcf7-validates-as-required codesm-phone-field\" aria-required=\"true\" aria-invalid=\"false\" placeholder=\"N\u00famero de tel\u00e9fono\" value=\"\" type=\"text\" name=\"mobile-phone\" \/><\/span>\n\t\t\t\t<\/p>\n\t\t\t<\/div>\n\t\t\t<div class=\"columns small-6 large-6\">\n\t\t\t\t<p><span class=\"wpcf7-form-control-wrap\" data-name=\"date-of-appointment\"><input size=\"40\" maxlength=\"400\" class=\"wpcf7-form-control wpcf7-text wpcf7-validates-as-required codesm-datepicker-field disable-past-dates\" id=\"date-of-appointment\" aria-required=\"true\" aria-invalid=\"false\" placeholder=\"Fecha de nombramiento*.\" value=\"\" type=\"text\" name=\"date-of-appointment\" \/><\/span>\n\t\t\t\t<\/p>\n\t\t\t<\/div>\n\t\t<\/div>\n\t\t<div class=\"row collapse bottom-buffer-1point5rem\">\n\t\t\t<div class=\"columns small-12\">\n\t\t\t\t<p><span class=\"wpcf7-form-control-wrap\" data-name=\"message\"><textarea cols=\"40\" rows=\"4\" maxlength=\"2000\" class=\"wpcf7-form-control wpcf7-textarea wpcf7-validates-as-required\" aria-required=\"true\" aria-invalid=\"false\" placeholder=\"\u00bfC\u00f3mo podemos ayudar?\" name=\"message\"><\/textarea><\/span>\n\t\t\t\t<\/p>\n\t\t\t<\/div>\n\t\t<\/div>\n\t\t<div class=\"row collapse\">\n\t\t\t<div class=\"columns small-12 text-center\">\n\t\t\t\t<p><span id=\"wpcf7-69f21e55d64c8-wrapper\" class=\"wpcf7-form-control-wrap honeypot-587-wrap\" ><input type=\"hidden\" name=\"honeypot-587-time-start\" value=\"1777475157\"><input type=\"hidden\" name=\"honeypot-587-time-check\" value=\"5\"><label for=\"wpcf7-69f21e55d64c8-field\" class=\"hp-message\">Please leave this field empty.<\/label><input id=\"wpcf7-69f21e55d64c8-field\"  class=\"wpcf7-form-control wpcf7-text\" type=\"text\" name=\"honeypot-587\" value=\"\" size=\"40\" tabindex=\"-1\" autocomplete=\"off\" \/><\/span><button type=\"submit\" class=\"button brand-white uc no-margin-bottom\">Env\u00eda<\/button>\n\t\t\t\t<\/p>\n\t\t\t<\/div>\n\t\t<\/div>\n\t<\/div>\n<\/div><div class=\"wpcf7-response-output\" aria-hidden=\"true\"><\/div>\n<\/form>\n<\/div>\n[\/vc_column_inner][\/vc_row_inner][vc_empty_space height=&#8221;90px&#8221; el_class=&#8221;show-for-large&#8221;][vc_empty_space height=&#8221;45px&#8221; el_class=&#8221;hide-for-large&#8221;][\/vc_column][\/vc_row][\/vc_section]<\/p>\n<\/div>","protected":false},"excerpt":{"rendered":"<p>[vc_section el_id=&#8221;page_header&#8221;][vc_row css=&#8221;.vc_custom_1650626901645{background-color: #d9265d !important;}&#8221;][vc_column][vc_empty_space height=&#8221;45px&#8221; el_class=&#8221;show-for-large&#8221;][vc_empty_space height=&#8221;24px&#8221; el_class=&#8221;hide-for-large&#8221;][vc_row_inner el_class=&#8221;row no-padding-vc&#8221;][vc_column_inner][vc_column_text css=&#8221;&#8221;] No pierdas a tu M\u00e9dico de confianza [\/vc_column_text][\/vc_column_inner][\/vc_row_inner][vc_empty_space height=&#8221;45px&#8221; el_class=&#8221;show-for-large&#8221;][vc_empty_space height=&#8221;24px&#8221; el_class=&#8221;hide-for-large&#8221;][\/vc_column][\/vc_row][\/vc_section][vc_section el_id=&#8221;insurance-landing-page-section_1&#8243;][vc_row][vc_column][vc_empty_space height=&#8221;90px&#8221; el_class=&#8221;show-for-large&#8221;][vc_empty_space height=&#8221;45px&#8221; el_class=&#8221;hide-for-large&#8221;][vc_row_inner equal_height=&#8221;yes&#8221; content_placement=&#8221;middle&#8221; el_class=&#8221;row expanded collapse no-padding-vc content-width&#8221;][vc_column_inner el_class=&#8221;column-right large-order-2&#8243; width=&#8221;1\/2&#8243;][vc_column_text css=&#8221;&#8221;] [\/vc_column_text][vc_empty_space height=&#8221;30px&#8221; el_class=&#8221;hide-for-large&#8221;][\/vc_column_inner][vc_column_inner el_class=&#8221;column-left large-order-1&#8243; width=&#8221;1\/2&#8243;][vc_column_text css=&#8221;&#8221; el_class=&#8221;column-left-content text-center xlarge-text-left float-right-for-xlarge&#8221;] Compru\u00e9balo antes de cambiar<a class=\"excerpt-read-more\" href=\"https:\/\/www.drkuye.net\/es\/servicios\/seguros\/\" title=\"ReadSeguros\">&#8230; Read more &raquo;<\/a><\/p>\n","protected":false},"author":1,"featured_media":7725,"parent":7849,"menu_order":0,"comment_status":"closed","ping_status":"closed","template":"template-visual-builder.php","meta":{"inline_featured_image":false,"footnotes":""},"class_list":["post-7801","page","type-page","status-publish","has-post-thumbnail","hentry"],"yoast_head":"<!-- This site is optimized with the Yoast SEO plugin v26.9 - https:\/\/yoast.com\/product\/yoast-seo-wordpress\/ -->\n<title>Seguro M\u00e9dico | Cano Medical Center | Harlingen TX<\/title>\n<meta name=\"description\" content=\"Kuye Medical Group en Harlingen, TX acepta una variedad de planes de seguro. Asistencia sanitaria asequible y adaptada a tus necesidades.\" \/>\n<meta name=\"robots\" content=\"index, follow, max-snippet:-1, max-image-preview:large, max-video-preview:-1\" \/>\n<link rel=\"canonical\" href=\"https:\/\/www.drkuye.net\/es\/servicios\/seguros\/\" \/>\n<meta property=\"og:locale\" content=\"es_MX\" \/>\n<meta property=\"og:type\" content=\"article\" \/>\n<meta property=\"og:title\" content=\"Seguro M\u00e9dico | Cano Medical Center | Harlingen TX\" \/>\n<meta property=\"og:description\" content=\"Kuye Medical Group en Harlingen, TX acepta una variedad de planes de seguro. Asistencia sanitaria asequible y adaptada a tus necesidades.\" \/>\n<meta property=\"og:url\" content=\"https:\/\/www.drkuye.net\/es\/servicios\/seguros\/\" \/>\n<meta property=\"og:site_name\" content=\"Kuye Medical Group\" \/>\n<meta property=\"article:publisher\" content=\"https:\/\/www.facebook.com\/kuyemedicalgroup\/\" \/>\n<meta property=\"article:modified_time\" content=\"2025-10-14T18:43:26+00:00\" \/>\n<meta property=\"og:image\" content=\"https:\/\/www.drkuye.net\/wp-content\/uploads\/2024\/08\/insurance-landing-page-section-1-img_1.png\" \/>\n\t<meta property=\"og:image:width\" content=\"944\" \/>\n\t<meta property=\"og:image:height\" content=\"490\" \/>\n\t<meta property=\"og:image:type\" content=\"image\/png\" \/>\n<meta name=\"twitter:card\" content=\"summary_large_image\" \/>\n<meta name=\"twitter:label1\" content=\"Est. reading time\" \/>\n\t<meta name=\"twitter:data1\" content=\"3 minutes\" \/>\n<script type=\"application\/ld+json\" class=\"yoast-schema-graph\">{\"@context\":\"https:\/\/schema.org\",\"@graph\":[{\"@type\":\"WebPage\",\"@id\":\"https:\/\/www.drkuye.net\/es\/servicios\/seguros\/\",\"url\":\"https:\/\/www.drkuye.net\/es\/servicios\/seguros\/\",\"name\":\"Seguro M\u00e9dico | Cano Medical Center | Harlingen TX\",\"isPartOf\":{\"@id\":\"https:\/\/www.drkuye.net\/#website\"},\"primaryImageOfPage\":{\"@id\":\"https:\/\/www.drkuye.net\/es\/servicios\/seguros\/#primaryimage\"},\"image\":{\"@id\":\"https:\/\/www.drkuye.net\/es\/servicios\/seguros\/#primaryimage\"},\"thumbnailUrl\":\"https:\/\/www.drkuye.net\/wp-content\/uploads\/2024\/08\/insurance-landing-page-section-1-img_1.png\",\"datePublished\":\"2024-08-16T12:20:32+00:00\",\"dateModified\":\"2025-10-14T18:43:26+00:00\",\"description\":\"Kuye Medical Group en Harlingen, TX acepta una variedad de planes de seguro. Asistencia sanitaria asequible y adaptada a tus necesidades.\",\"breadcrumb\":{\"@id\":\"https:\/\/www.drkuye.net\/es\/servicios\/seguros\/#breadcrumb\"},\"inLanguage\":\"es-MX\",\"potentialAction\":[{\"@type\":\"ReadAction\",\"target\":[\"https:\/\/www.drkuye.net\/es\/servicios\/seguros\/\"]}]},{\"@type\":\"ImageObject\",\"inLanguage\":\"es-MX\",\"@id\":\"https:\/\/www.drkuye.net\/es\/servicios\/seguros\/#primaryimage\",\"url\":\"https:\/\/www.drkuye.net\/wp-content\/uploads\/2024\/08\/insurance-landing-page-section-1-img_1.png\",\"contentUrl\":\"https:\/\/www.drkuye.net\/wp-content\/uploads\/2024\/08\/insurance-landing-page-section-1-img_1.png\",\"width\":944,\"height\":490,\"caption\":\"Medical Insurance: Kuye Medical Cano Center\"},{\"@type\":\"BreadcrumbList\",\"@id\":\"https:\/\/www.drkuye.net\/es\/servicios\/seguros\/#breadcrumb\",\"itemListElement\":[{\"@type\":\"ListItem\",\"position\":1,\"name\":\"Home\",\"item\":\"https:\/\/www.drkuye.net\/\"},{\"@type\":\"ListItem\",\"position\":2,\"name\":\"Servicios\",\"item\":\"https:\/\/www.drkuye.net\/es\/servicios\/\"},{\"@type\":\"ListItem\",\"position\":3,\"name\":\"Seguros\"}]},{\"@type\":\"WebSite\",\"@id\":\"https:\/\/www.drkuye.net\/#website\",\"url\":\"https:\/\/www.drkuye.net\/\",\"name\":\"Kuye Medical Group\",\"description\":\"Serving Harlingen &amp; the RGV\",\"publisher\":{\"@id\":\"https:\/\/www.drkuye.net\/#organization\"},\"alternateName\":\"Cano Medical Center\",\"potentialAction\":[{\"@type\":\"SearchAction\",\"target\":{\"@type\":\"EntryPoint\",\"urlTemplate\":\"https:\/\/www.drkuye.net\/?s={search_term_string}\"},\"query-input\":{\"@type\":\"PropertyValueSpecification\",\"valueRequired\":true,\"valueName\":\"search_term_string\"}}],\"inLanguage\":\"es-MX\"},{\"@type\":\"Organization\",\"@id\":\"https:\/\/www.drkuye.net\/#organization\",\"name\":\"Kuye Medical Group\",\"alternateName\":\"Cano Medical Center\",\"url\":\"https:\/\/www.drkuye.net\/\",\"logo\":{\"@type\":\"ImageObject\",\"inLanguage\":\"es-MX\",\"@id\":\"https:\/\/www.drkuye.net\/#\/schema\/logo\/image\/\",\"url\":\"https:\/\/www.drkuye.net\/wp-content\/uploads\/2022\/11\/Kuye-Medical-Group-logo-01.png\",\"contentUrl\":\"https:\/\/www.drkuye.net\/wp-content\/uploads\/2022\/11\/Kuye-Medical-Group-logo-01.png\",\"width\":2400,\"height\":776,\"caption\":\"Kuye Medical Group\"},\"image\":{\"@id\":\"https:\/\/www.drkuye.net\/#\/schema\/logo\/image\/\"},\"sameAs\":[\"https:\/\/www.facebook.com\/kuyemedicalgroup\/\",\"https:\/\/www.youtube.com\/@kuyemedicalgroup4111\",\"https:\/\/www.linkedin.com\/company\/kuye-medical-group\/about\/\",\"https:\/\/www.instagram.com\/kuyemedicalgroup\/\"]}]}<\/script>\n<!-- \/ Yoast SEO plugin. -->","yoast_head_json":{"title":"Seguro M\u00e9dico | Cano Medical Center | Harlingen TX","description":"Kuye Medical Group en Harlingen, TX acepta una variedad de planes de seguro. Asistencia sanitaria asequible y adaptada a tus necesidades.","robots":{"index":"index","follow":"follow","max-snippet":"max-snippet:-1","max-image-preview":"max-image-preview:large","max-video-preview":"max-video-preview:-1"},"canonical":"https:\/\/www.drkuye.net\/es\/servicios\/seguros\/","og_locale":"es_MX","og_type":"article","og_title":"Seguro M\u00e9dico | Cano Medical Center | Harlingen TX","og_description":"Kuye Medical Group en Harlingen, TX acepta una variedad de planes de seguro. Asistencia sanitaria asequible y adaptada a tus necesidades.","og_url":"https:\/\/www.drkuye.net\/es\/servicios\/seguros\/","og_site_name":"Kuye Medical Group","article_publisher":"https:\/\/www.facebook.com\/kuyemedicalgroup\/","article_modified_time":"2025-10-14T18:43:26+00:00","og_image":[{"width":944,"height":490,"url":"https:\/\/www.drkuye.net\/wp-content\/uploads\/2024\/08\/insurance-landing-page-section-1-img_1.png","type":"image\/png"}],"twitter_card":"summary_large_image","twitter_misc":{"Est. reading time":"3 minutes"},"schema":{"@context":"https:\/\/schema.org","@graph":[{"@type":"WebPage","@id":"https:\/\/www.drkuye.net\/es\/servicios\/seguros\/","url":"https:\/\/www.drkuye.net\/es\/servicios\/seguros\/","name":"Seguro M\u00e9dico | Cano Medical Center | Harlingen TX","isPartOf":{"@id":"https:\/\/www.drkuye.net\/#website"},"primaryImageOfPage":{"@id":"https:\/\/www.drkuye.net\/es\/servicios\/seguros\/#primaryimage"},"image":{"@id":"https:\/\/www.drkuye.net\/es\/servicios\/seguros\/#primaryimage"},"thumbnailUrl":"https:\/\/www.drkuye.net\/wp-content\/uploads\/2024\/08\/insurance-landing-page-section-1-img_1.png","datePublished":"2024-08-16T12:20:32+00:00","dateModified":"2025-10-14T18:43:26+00:00","description":"Kuye Medical Group en Harlingen, TX acepta una variedad de planes de seguro. Asistencia sanitaria asequible y adaptada a tus necesidades.","breadcrumb":{"@id":"https:\/\/www.drkuye.net\/es\/servicios\/seguros\/#breadcrumb"},"inLanguage":"es-MX","potentialAction":[{"@type":"ReadAction","target":["https:\/\/www.drkuye.net\/es\/servicios\/seguros\/"]}]},{"@type":"ImageObject","inLanguage":"es-MX","@id":"https:\/\/www.drkuye.net\/es\/servicios\/seguros\/#primaryimage","url":"https:\/\/www.drkuye.net\/wp-content\/uploads\/2024\/08\/insurance-landing-page-section-1-img_1.png","contentUrl":"https:\/\/www.drkuye.net\/wp-content\/uploads\/2024\/08\/insurance-landing-page-section-1-img_1.png","width":944,"height":490,"caption":"Medical Insurance: Kuye Medical Cano Center"},{"@type":"BreadcrumbList","@id":"https:\/\/www.drkuye.net\/es\/servicios\/seguros\/#breadcrumb","itemListElement":[{"@type":"ListItem","position":1,"name":"Home","item":"https:\/\/www.drkuye.net\/"},{"@type":"ListItem","position":2,"name":"Servicios","item":"https:\/\/www.drkuye.net\/es\/servicios\/"},{"@type":"ListItem","position":3,"name":"Seguros"}]},{"@type":"WebSite","@id":"https:\/\/www.drkuye.net\/#website","url":"https:\/\/www.drkuye.net\/","name":"Kuye Medical Group","description":"Serving Harlingen &amp; the RGV","publisher":{"@id":"https:\/\/www.drkuye.net\/#organization"},"alternateName":"Cano Medical Center","potentialAction":[{"@type":"SearchAction","target":{"@type":"EntryPoint","urlTemplate":"https:\/\/www.drkuye.net\/?s={search_term_string}"},"query-input":{"@type":"PropertyValueSpecification","valueRequired":true,"valueName":"search_term_string"}}],"inLanguage":"es-MX"},{"@type":"Organization","@id":"https:\/\/www.drkuye.net\/#organization","name":"Kuye Medical Group","alternateName":"Cano Medical Center","url":"https:\/\/www.drkuye.net\/","logo":{"@type":"ImageObject","inLanguage":"es-MX","@id":"https:\/\/www.drkuye.net\/#\/schema\/logo\/image\/","url":"https:\/\/www.drkuye.net\/wp-content\/uploads\/2022\/11\/Kuye-Medical-Group-logo-01.png","contentUrl":"https:\/\/www.drkuye.net\/wp-content\/uploads\/2022\/11\/Kuye-Medical-Group-logo-01.png","width":2400,"height":776,"caption":"Kuye Medical Group"},"image":{"@id":"https:\/\/www.drkuye.net\/#\/schema\/logo\/image\/"},"sameAs":["https:\/\/www.facebook.com\/kuyemedicalgroup\/","https:\/\/www.youtube.com\/@kuyemedicalgroup4111","https:\/\/www.linkedin.com\/company\/kuye-medical-group\/about\/","https:\/\/www.instagram.com\/kuyemedicalgroup\/"]}]}},"_links":{"self":[{"href":"https:\/\/www.drkuye.net\/es\/wp-json\/wp\/v2\/pages\/7801","targetHints":{"allow":["GET"]}}],"collection":[{"href":"https:\/\/www.drkuye.net\/es\/wp-json\/wp\/v2\/pages"}],"about":[{"href":"https:\/\/www.drkuye.net\/es\/wp-json\/wp\/v2\/types\/page"}],"author":[{"embeddable":true,"href":"https:\/\/www.drkuye.net\/es\/wp-json\/wp\/v2\/users\/1"}],"replies":[{"embeddable":true,"href":"https:\/\/www.drkuye.net\/es\/wp-json\/wp\/v2\/comments?post=7801"}],"version-history":[{"count":5,"href":"https:\/\/www.drkuye.net\/es\/wp-json\/wp\/v2\/pages\/7801\/revisions"}],"predecessor-version":[{"id":8420,"href":"https:\/\/www.drkuye.net\/es\/wp-json\/wp\/v2\/pages\/7801\/revisions\/8420"}],"up":[{"embeddable":true,"href":"https:\/\/www.drkuye.net\/es\/wp-json\/wp\/v2\/pages\/7849"}],"wp:featuredmedia":[{"embeddable":true,"href":"https:\/\/www.drkuye.net\/es\/wp-json\/wp\/v2\/media\/7725"}],"wp:attachment":[{"href":"https:\/\/www.drkuye.net\/es\/wp-json\/wp\/v2\/media?parent=7801"}],"curies":[{"name":"wp","href":"https:\/\/api.w.org\/{rel}","templated":true}]}}