{"id":7832,"date":"2024-12-23T16:13:38","date_gmt":"2024-12-23T16:13:38","guid":{"rendered":"https:\/\/www.drkuye.net\/laboratorio\/"},"modified":"2025-10-14T18:44:22","modified_gmt":"2025-10-14T18:44:22","slug":"laboratorio","status":"publish","type":"page","link":"https:\/\/www.drkuye.net\/es\/servicios\/laboratorio\/","title":{"rendered":"Laboratorio"},"content":{"rendered":"<div class=\"wpb-content-wrapper\"><p>[vc_section el_id=&#8221;page_header&#8221;][vc_row css=&#8221;.vc_custom_1650626946497{background-color: #d9265d !important;}&#8221;][vc_column][vc_empty_space height=&#8221;45px&#8221; el_class=&#8221;show-for-large&#8221;][vc_empty_space height=&#8221;24px&#8221; el_class=&#8221;hide-for-large&#8221;][vc_row_inner el_class=&#8221;row no-padding-vc&#8221;][vc_column_inner][vc_column_text css=&#8221;&#8221; el_class=&#8221;text-center&#8221;]<\/p>\n<h1 class=\"page-heading alt-white\">Laboratorio<\/h1>\n<p>[\/vc_column_text][\/vc_column_inner][\/vc_row_inner][vc_empty_space height=&#8221;45px&#8221; el_class=&#8221;show-for-large&#8221;][vc_empty_space height=&#8221;24px&#8221; el_class=&#8221;hide-for-large&#8221;][\/vc_column][\/vc_row][\/vc_section][vc_section el_id=&#8221;services-section_1&#8243;][vc_row][vc_column][vc_empty_space height=&#8221;90px&#8221; el_class=&#8221;show-for-large&#8221;][vc_empty_space height=&#8221;45px&#8221; el_class=&#8221;hide-for-large&#8221;][vc_row_inner el_class=&#8221;row no-padding-vc&#8221;][vc_column_inner][vc_column_text css=&#8221;&#8221; el_class=&#8221;text-center&#8221;]<\/p>\n<h2 class=\"h1 bottom-buffer-1point5rem\">Servicios de laboratorio: Resultados precisos para tomar decisiones sanitarias informadas<\/h2>\n<p class=\"big remove-br\">En el Grupo M\u00e9dico Kuye, nuestros servicios de laboratorio est\u00e1n dise\u00f1ados para proporcionarte resultados r\u00e1pidos, precisos y eficaces para todas tus necesidades sanitarias. Ofrecemos una amplia gama de pruebas, desde an\u00e1lisis de sangre rutinarios hasta diagn\u00f3sticos especializados, garantizando que dispongas de la informaci\u00f3n necesaria para tomar decisiones sobre tu salud con conocimiento de causa. Nuestro laboratorio de \u00faltima generaci\u00f3n est\u00e1 equipado para gestionar estas pruebas con precisi\u00f3n, ofreciendo la gesti\u00f3n en consulta de muchos an\u00e1lisis de orina y sangre comunes. Con las pruebas in situ, en el mismo d\u00eda, puedes recibir un diagn\u00f3stico para afecciones como la gripe, el H. Pylori y otras, lo que te permite iniciar el tratamiento con prontitud y recuperar la salud m\u00e1s r\u00e1pidamente.<\/p>\n<p>[\/vc_column_text][\/vc_column_inner][\/vc_row_inner][vc_empty_space height=&#8221;90px&#8221; el_class=&#8221;show-for-large&#8221;][vc_empty_space height=&#8221;45px&#8221; el_class=&#8221;hide-for-large&#8221;][vc_row_inner equal_height=&#8221;yes&#8221; content_placement=&#8221;middle&#8221; el_class=&#8221;row no-padding-vc collapsed expanded content-width&#8221; el_id=&#8221;modern-allergy-testing&#8221;][vc_column_inner el_class=&#8221;column-right large-order-2&#8243; width=&#8221;1\/2&#8243;][vc_column_text css=&#8221;&#8221; el_class=&#8221;text-center&#8221;]<img decoding=\"async\" class=\"content-image\" src=\"\/wp-content\/uploads\/2024\/12\/laboratory-section_1-img_1.png\" alt=\"laboratorio\" \/>[\/vc_column_text][vc_empty_space height=&#8221;30px&#8221; el_class=&#8221;hide-for-large&#8221;][\/vc_column_inner][vc_column_inner el_class=&#8221;column-left large-order-1&#8243; width=&#8221;1\/2&#8243;][vc_column_text css=&#8221;&#8221; el_class=&#8221;column-left-content text-center xlarge-text-left float-right-for-xlarge&#8221;]<\/p>\n<h4 class=\"bottom-buffer-1point5rem\">An\u00e1lisis de sangre rutinarios<\/h4>\n<p class=\"big remove-br\">En el Grupo M\u00e9dico Kuye, nuestros an\u00e1lisis de sangre rutinarios controlan tu salud general y detectan posibles problemas a tiempo. Al vigilar de cerca los indicadores vitales de salud, te ayudamos a mantener tu bienestar y a abordar cualquier problema antes de que se agrave.<\/p>\n<p>[\/vc_column_text][\/vc_column_inner][\/vc_row_inner][vc_empty_space height=&#8221;90px&#8221; el_class=&#8221;show-for-large&#8221;][vc_empty_space height=&#8221;45px&#8221; el_class=&#8221;hide-for-large&#8221;][vc_row_inner equal_height=&#8221;yes&#8221; content_placement=&#8221;middle&#8221; el_class=&#8221;row expanded collapse no-padding-vc content-width&#8221; el_id=&#8221;multiple-treatment-options&#8221;][vc_column_inner el_class=&#8221;column-left&#8221; width=&#8221;1\/2&#8243;][vc_column_text css=&#8221;&#8221; el_class=&#8221;text-center&#8221;]<\/p>\n<p class=\"\"><img decoding=\"async\" class=\"content-image\" src=\"\/wp-content\/uploads\/2024\/12\/laboratory-section_2-img_1.png\" alt=\"laboratorio\" \/><\/p>\n<p>[\/vc_column_text][vc_empty_space height=&#8221;30px&#8221; el_class=&#8221;hide-for-large&#8221;][\/vc_column_inner][vc_column_inner el_class=&#8221;column-right&#8221; width=&#8221;1\/2&#8243;][vc_column_text css=&#8221;&#8221; el_class=&#8221;column-right-content text-center xlarge-text-left&#8221;]<\/p>\n<h4 class=\"bottom-buffer-1point5rem\">Pruebas especializadas<\/h4>\n<p class=\"big remove-br\">Ofrecemos pruebas especializadas que proporcionan diagn\u00f3sticos avanzados adaptados a tus necesidades sanitarias \u00fanicas. Tanto si est\u00e1s controlando una enfermedad cr\u00f3nica como si necesitas informaci\u00f3n detallada sobre problemas de salud concretos, nos aseguramos de que recibas la informaci\u00f3n precisa necesaria para una atenci\u00f3n y una planificaci\u00f3n del tratamiento eficaces.<\/p>\n<p>[\/vc_column_text][\/vc_column_inner][\/vc_row_inner][vc_empty_space height=&#8221;90px&#8221; el_class=&#8221;show-for-large&#8221;][vc_empty_space height=&#8221;45px&#8221; el_class=&#8221;hide-for-large&#8221;][vc_row_inner equal_height=&#8221;yes&#8221; content_placement=&#8221;middle&#8221; el_class=&#8221;row expanded collapse no-padding-vc content-width&#8221; el_id=&#8221;support-and-education&#8221;][vc_column_inner el_class=&#8221;column-right large-order-2&#8243; width=&#8221;1\/2&#8243;][vc_column_text css=&#8221;&#8221; el_class=&#8221;text-center&#8221;]<\/p>\n<p class=\"\"><img decoding=\"async\" class=\"content-image\" src=\"\/wp-content\/uploads\/2024\/12\/laboratory-section_3-img_1.png\" alt=\"laboratorio\" \/><\/p>\n<p>[\/vc_column_text][vc_empty_space height=&#8221;30px&#8221; el_class=&#8221;hide-for-large&#8221;][\/vc_column_inner][vc_column_inner el_class=&#8221;column-left large-order-1&#8243; width=&#8221;1\/2&#8243;][vc_column_text css=&#8221;&#8221; el_class=&#8221;column-left-content text-center xlarge-text-left float-right-for-xlarge&#8221;]<\/p>\n<h4 class=\"bottom-buffer-1point5rem\">Entrega r\u00e1pida<\/h4>\n<p class=\"big remove-br\">Nuestro eficaz sistema de procesamiento garantiza una r\u00e1pida entrega de los resultados de tus pruebas, lo que te permite recibir informaci\u00f3n inmediata y tomar decisiones informadas sobre tu salud. Con los resultados a tiempo, puedes avanzar con confianza en tu plan de cuidados y tomar medidas proactivas para mantenerte sano.<\/p>\n<p>[\/vc_column_text][\/vc_column_inner][\/vc_row_inner][vc_empty_space height=&#8221;90px&#8221; el_class=&#8221;show-for-large&#8221;][vc_empty_space height=&#8221;45px&#8221; el_class=&#8221;hide-for-large&#8221;][vc_row_inner equal_height=&#8221;yes&#8221; content_placement=&#8221;middle&#8221; el_class=&#8221;row expanded collapse no-padding-vc content-width bg-gradient-top&#8221;][vc_column_inner el_class=&#8221;column-left&#8221; width=&#8221;1\/2&#8243;][vc_empty_space height=&#8221;90px&#8221; el_class=&#8221;show-for-large&#8221;][vc_column_text css=&#8221;&#8221; el_class=&#8221;text-center&#8221;]<\/p>\n<p class=\"\"><img loading=\"lazy\" decoding=\"async\" class=\"content-image alignnone\" src=\"\/wp-content\/uploads\/2024\/12\/why-kuye.png\" alt=\"Personal m\u00e9dico en Harlingen TX de Kuye Cano Medical Center\" width=\"944\" height=\"497\" \/><\/p>\n<p>[\/vc_column_text][vc_empty_space height=&#8221;30px&#8221; el_class=&#8221;hide-for-large&#8221;][\/vc_column_inner][vc_column_inner el_class=&#8221;column-right&#8221; width=&#8221;1\/2&#8243;][vc_empty_space height=&#8221;90px&#8221; el_class=&#8221;show-for-large&#8221;][vc_column_text css=&#8221;&#8221; el_class=&#8221;column-right-content text-center xlarge-text-left&#8221;]<\/p>\n<h4 class=\"bottom-buffer-1point5rem\">\u00bfPor qu\u00e9 elegir Kuye: Cano Medical Center?<\/h4>\n<p class=\"big remove-br\">En el Grupo M\u00e9dico Kuye, nuestro objetivo es que tu experiencia sanitaria sea lo m\u00e1s fluida posible. Nuestros cualificados t\u00e9cnicos de laboratorio ofrecen resultados de pruebas precisos y fiables, para que puedas confiar en la informaci\u00f3n que recibes. Tambi\u00e9n ofrecemos una programaci\u00f3n sencilla y un servicio r\u00e1pido para satisfacer c\u00f3modamente todas tus necesidades de laboratorio.<\/p>\n<p>[\/vc_column_text][\/vc_column_inner][\/vc_row_inner][vc_empty_space height=&#8221;90px&#8221; el_class=&#8221;show-for-large&#8221;][vc_empty_space height=&#8221;45px&#8221; el_class=&#8221;hide-for-large&#8221;][\/vc_column][\/vc_row][\/vc_section][vc_section el_id=&#8221;testimonials-section&#8221;][vc_row css=&#8221;.vc_custom_1650626934473{background-color: #1c004f !important;}&#8221;][vc_column][vc_empty_space height=&#8221;75px&#8221; el_class=&#8221;show-for-large&#8221;][vc_empty_space height=&#8221;45px&#8221; el_class=&#8221;hide-for-large&#8221;][vc_row_inner el_class=&#8221;row no-padding-vc&#8221;][vc_column_inner width=&#8221;4\/12&#8243;][vc_column_text el_class=&#8221;text-center large-text-left&#8221;]<\/p>\n<h2 class=\"h1 alt-white\">Testimonios<\/h2>\n<p>[\/vc_column_text][\/vc_column_inner][vc_column_inner width=&#8221;8\/12&#8243;][vc_column_text css=&#8221;&#8221; el_class=&#8221;extra-large-padding-left-for-large&#8221;]<!-- Elfsight All-in-One Reviews | Kuye Olmito - Carousel --><br \/>\n<script src=\"https:\/\/static.elfsight.com\/platform\/platform.js\" async=\"\"><\/script><\/p>\n<div class=\"elfsight-app-834e07dc-17c1-4884-aa43-d0fb01e645cd\" data-elfsight-app-lazy=\"\"><\/div>\n<p>[\/vc_column_text][\/vc_column_inner][\/vc_row_inner][vc_empty_space height=&#8221;45px&#8221; el_class=&#8221;hide-for-large&#8221;][\/vc_column][\/vc_row][\/vc_section][vc_section el_id=&#8221;appointment-form&#8221;][vc_row css=&#8221;.vc_custom_1650626929695{border-top-width: 1px !important;background-color: #1c004f !important;border-top-color: rgba(255,255,255,0.2) !important;border-top-style: solid !important;}&#8221;][vc_column][vc_empty_space height=&#8221;90px&#8221; el_class=&#8221;show-for-large&#8221;][vc_empty_space height=&#8221;45px&#8221; el_class=&#8221;hide-for-large&#8221;][vc_row_inner el_class=&#8221;row no-padding-vc&#8221;][vc_column_inner][vc_column_text]<\/p>\n<h2 class=\"h1 alt-white bottom-buffer-1point5rem\" style=\"text-align: center;\">Pide una cita<\/h2>\n<p class=\"big alt-white remove-br\" style=\"text-align: center;\">Si tienes alguna pregunta despu\u00e9s de tu cita o quieres concertar una cita de seguimiento,<br \/>\nrellena nuestro formulario de contacto para que un representante del Servicio de Atenci\u00f3n al Paciente se ponga en contacto contigo.<br \/>\nSi crees que tienes una urgencia m\u00e9dica, no te pongas en contacto con nosotros<br \/>\na trav\u00e9s de nuestro formulario de contacto. Llama inmediatamente al 911.<\/p>\n<p>[\/vc_column_text][\/vc_column_inner][\/vc_row_inner][vc_empty_space height=&#8221;75px&#8221; el_class=&#8221;show-for-large&#8221;][vc_empty_space height=&#8221;45px&#8221; el_class=&#8221;hide-for-large&#8221;][vc_row_inner el_class=&#8221;row no-padding-vc align-center&#8221;][vc_column_inner el_class=&#8221;large-centered&#8221; width=&#8221;8\/12&#8243;]\n<div class=\"wpcf7 no-js\" id=\"wpcf7-f7810-o1\" lang=\"es-MX\" dir=\"ltr\" data-wpcf7-id=\"7810\">\n<div class=\"screen-reader-response\"><p role=\"status\" aria-live=\"polite\" aria-atomic=\"true\"><\/p> <ul><\/ul><\/div>\n<form action=\"\/es\/wp-json\/wp\/v2\/pages\/7832#wpcf7-f7810-o1\" method=\"post\" class=\"wpcf7-form init\" aria-label=\"Contact form\" novalidate=\"novalidate\" data-status=\"init\">\n<fieldset class=\"hidden-fields-container\"><input type=\"hidden\" name=\"_wpcf7\" value=\"7810\" \/><input type=\"hidden\" name=\"_wpcf7_version\" value=\"6.1.5\" \/><input type=\"hidden\" name=\"_wpcf7_locale\" value=\"es_MX\" \/><input type=\"hidden\" name=\"_wpcf7_unit_tag\" value=\"wpcf7-f7810-o1\" \/><input type=\"hidden\" name=\"_wpcf7_container_post\" value=\"0\" \/><input type=\"hidden\" name=\"_wpcf7_posted_data_hash\" value=\"\" \/>\n<\/fieldset>\n<div class=\"row collapse\">\n\t<div class=\"columns small-12\">\n\t\t<div class=\"row collapse\">\n\t\t\t<div class=\"columns small-6 large-6\">\n\t\t\t\t<p><span class=\"wpcf7-form-control-wrap\" data-name=\"full-name\"><input size=\"40\" maxlength=\"400\" class=\"wpcf7-form-control wpcf7-text wpcf7-validates-as-required\" aria-required=\"true\" aria-invalid=\"false\" placeholder=\"Nombre*.\" value=\"\" type=\"text\" name=\"full-name\" \/><\/span>\n\t\t\t\t<\/p>\n\t\t\t<\/div>\n\t\t\t<div class=\"columns small-6 large-6\">\n\t\t\t\t<p><span class=\"wpcf7-form-control-wrap\" data-name=\"email\"><input size=\"40\" maxlength=\"400\" class=\"wpcf7-form-control wpcf7-email wpcf7-validates-as-required wpcf7-text wpcf7-validates-as-email\" aria-required=\"true\" aria-invalid=\"false\" placeholder=\"Correo electr\u00f3nico\" value=\"\" type=\"email\" name=\"email\" \/><\/span>\n\t\t\t\t<\/p>\n\t\t\t<\/div>\n\t\t<\/div>\n\t\t<div class=\"row collapse\">\n\t\t\t<div class=\"columns small-6 large-6\">\n\t\t\t\t<p><span class=\"wpcf7-form-control-wrap\" data-name=\"mobile-phone\"><input size=\"40\" maxlength=\"400\" class=\"wpcf7-form-control wpcf7-text wpcf7-validates-as-required codesm-phone-field\" aria-required=\"true\" aria-invalid=\"false\" placeholder=\"N\u00famero de tel\u00e9fono\" value=\"\" type=\"text\" name=\"mobile-phone\" \/><\/span>\n\t\t\t\t<\/p>\n\t\t\t<\/div>\n\t\t\t<div class=\"columns small-6 large-6\">\n\t\t\t\t<p><span class=\"wpcf7-form-control-wrap\" data-name=\"date-of-appointment\"><input size=\"40\" maxlength=\"400\" class=\"wpcf7-form-control wpcf7-text wpcf7-validates-as-required codesm-datepicker-field disable-past-dates\" id=\"date-of-appointment\" aria-required=\"true\" aria-invalid=\"false\" placeholder=\"Fecha de nombramiento*.\" value=\"\" type=\"text\" name=\"date-of-appointment\" \/><\/span>\n\t\t\t\t<\/p>\n\t\t\t<\/div>\n\t\t<\/div>\n\t\t<div class=\"row collapse bottom-buffer-1point5rem\">\n\t\t\t<div class=\"columns small-12\">\n\t\t\t\t<p><span class=\"wpcf7-form-control-wrap\" data-name=\"message\"><textarea cols=\"40\" rows=\"4\" maxlength=\"2000\" class=\"wpcf7-form-control wpcf7-textarea wpcf7-validates-as-required\" aria-required=\"true\" aria-invalid=\"false\" placeholder=\"\u00bfC\u00f3mo podemos ayudar?\" name=\"message\"><\/textarea><\/span>\n\t\t\t\t<\/p>\n\t\t\t<\/div>\n\t\t<\/div>\n\t\t<div class=\"row collapse\">\n\t\t\t<div class=\"columns small-12 text-center\">\n\t\t\t\t<p><span id=\"wpcf7-69f2096b6f6a1-wrapper\" class=\"wpcf7-form-control-wrap honeypot-587-wrap\" ><input type=\"hidden\" name=\"honeypot-587-time-start\" value=\"1777469803\"><input type=\"hidden\" name=\"honeypot-587-time-check\" value=\"5\"><label for=\"wpcf7-69f2096b6f6a1-field\" class=\"hp-message\">Please leave this field empty.<\/label><input id=\"wpcf7-69f2096b6f6a1-field\"  class=\"wpcf7-form-control wpcf7-text\" type=\"text\" name=\"honeypot-587\" value=\"\" size=\"40\" tabindex=\"-1\" autocomplete=\"off\" \/><\/span><button type=\"submit\" class=\"button brand-white uc no-margin-bottom\">Env\u00eda<\/button>\n\t\t\t\t<\/p>\n\t\t\t<\/div>\n\t\t<\/div>\n\t<\/div>\n<\/div><div class=\"wpcf7-response-output\" aria-hidden=\"true\"><\/div>\n<\/form>\n<\/div>\n[\/vc_column_inner][\/vc_row_inner][vc_empty_space height=&#8221;90px&#8221; el_class=&#8221;show-for-large&#8221;][vc_empty_space height=&#8221;45px&#8221; el_class=&#8221;hide-for-large&#8221;][\/vc_column][\/vc_row][\/vc_section]<\/p>\n<\/div>","protected":false},"excerpt":{"rendered":"<p>[vc_section el_id=&#8221;page_header&#8221;][vc_row css=&#8221;.vc_custom_1650626946497{background-color: #d9265d !important;}&#8221;][vc_column][vc_empty_space height=&#8221;45px&#8221; el_class=&#8221;show-for-large&#8221;][vc_empty_space height=&#8221;24px&#8221; el_class=&#8221;hide-for-large&#8221;][vc_row_inner el_class=&#8221;row no-padding-vc&#8221;][vc_column_inner][vc_column_text css=&#8221;&#8221; el_class=&#8221;text-center&#8221;] Laboratorio [\/vc_column_text][\/vc_column_inner][\/vc_row_inner][vc_empty_space height=&#8221;45px&#8221; el_class=&#8221;show-for-large&#8221;][vc_empty_space height=&#8221;24px&#8221; el_class=&#8221;hide-for-large&#8221;][\/vc_column][\/vc_row][\/vc_section][vc_section el_id=&#8221;services-section_1&#8243;][vc_row][vc_column][vc_empty_space height=&#8221;90px&#8221; el_class=&#8221;show-for-large&#8221;][vc_empty_space height=&#8221;45px&#8221; el_class=&#8221;hide-for-large&#8221;][vc_row_inner el_class=&#8221;row no-padding-vc&#8221;][vc_column_inner][vc_column_text css=&#8221;&#8221; el_class=&#8221;text-center&#8221;] Servicios de laboratorio: Resultados precisos para tomar decisiones sanitarias informadas En el Grupo M\u00e9dico Kuye, nuestros servicios de laboratorio est\u00e1n dise\u00f1ados para proporcionarte resultados r\u00e1pidos, precisos y<a class=\"excerpt-read-more\" href=\"https:\/\/www.drkuye.net\/es\/servicios\/laboratorio\/\" title=\"ReadLaboratorio\">&#8230; Read more &raquo;<\/a><\/p>\n","protected":false},"author":1,"featured_media":0,"parent":7849,"menu_order":0,"comment_status":"closed","ping_status":"closed","template":"template-visual-builder.php","meta":{"inline_featured_image":false,"footnotes":""},"class_list":["post-7832","page","type-page","status-publish","hentry"],"yoast_head":"<!-- This site is optimized with the Yoast SEO plugin v26.9 - https:\/\/yoast.com\/product\/yoast-seo-wordpress\/ -->\n<title>Laboratorio | Centro M\u00e9dico Cano | Harlingen TX<\/title>\n<meta name=\"description\" content=\"Servicios de laboratorio de vanguardia en el Centro M\u00e9dico Cano de Harlingen, TX. Pruebas precisas para diagn\u00f3sticos oportunos.\" \/>\n<meta name=\"robots\" content=\"index, follow, max-snippet:-1, max-image-preview:large, max-video-preview:-1\" \/>\n<link rel=\"canonical\" href=\"https:\/\/www.drkuye.net\/es\/servicios\/laboratorio\/\" \/>\n<meta property=\"og:locale\" content=\"es_MX\" \/>\n<meta property=\"og:type\" content=\"article\" \/>\n<meta property=\"og:title\" content=\"Laboratorio | Centro M\u00e9dico Cano | Harlingen TX\" \/>\n<meta property=\"og:description\" content=\"Servicios de laboratorio de vanguardia en el Centro M\u00e9dico Cano de Harlingen, TX. Pruebas precisas para diagn\u00f3sticos oportunos.\" \/>\n<meta property=\"og:url\" content=\"https:\/\/www.drkuye.net\/es\/servicios\/laboratorio\/\" \/>\n<meta property=\"og:site_name\" content=\"Kuye Medical Group\" \/>\n<meta property=\"article:publisher\" content=\"https:\/\/www.facebook.com\/kuyemedicalgroup\/\" \/>\n<meta property=\"article:modified_time\" content=\"2025-10-14T18:44:22+00:00\" \/>\n<meta property=\"og:image\" content=\"https:\/\/www.drkuye.net\/wp-content\/uploads\/2024\/11\/harlingen-img_3.png\" \/>\n\t<meta property=\"og:image:width\" content=\"760\" \/>\n\t<meta property=\"og:image:height\" content=\"508\" \/>\n\t<meta property=\"og:image:type\" content=\"image\/png\" \/>\n<meta name=\"twitter:card\" content=\"summary_large_image\" \/>\n<meta name=\"twitter:label1\" content=\"Est. reading time\" \/>\n\t<meta name=\"twitter:data1\" content=\"4 minutes\" \/>\n<script type=\"application\/ld+json\" class=\"yoast-schema-graph\">{\"@context\":\"https:\/\/schema.org\",\"@graph\":[{\"@type\":\"WebPage\",\"@id\":\"https:\/\/www.drkuye.net\/es\/servicios\/laboratorio\/\",\"url\":\"https:\/\/www.drkuye.net\/es\/servicios\/laboratorio\/\",\"name\":\"Laboratorio | Centro M\u00e9dico Cano | Harlingen TX\",\"isPartOf\":{\"@id\":\"https:\/\/www.drkuye.net\/#website\"},\"datePublished\":\"2024-12-23T16:13:38+00:00\",\"dateModified\":\"2025-10-14T18:44:22+00:00\",\"description\":\"Servicios de laboratorio de vanguardia en el Centro M\u00e9dico Cano de Harlingen, TX. Pruebas precisas para diagn\u00f3sticos oportunos.\",\"breadcrumb\":{\"@id\":\"https:\/\/www.drkuye.net\/es\/servicios\/laboratorio\/#breadcrumb\"},\"inLanguage\":\"es-MX\",\"potentialAction\":[{\"@type\":\"ReadAction\",\"target\":[\"https:\/\/www.drkuye.net\/es\/servicios\/laboratorio\/\"]}]},{\"@type\":\"BreadcrumbList\",\"@id\":\"https:\/\/www.drkuye.net\/es\/servicios\/laboratorio\/#breadcrumb\",\"itemListElement\":[{\"@type\":\"ListItem\",\"position\":1,\"name\":\"Home\",\"item\":\"https:\/\/www.drkuye.net\/\"},{\"@type\":\"ListItem\",\"position\":2,\"name\":\"Servicios\",\"item\":\"https:\/\/www.drkuye.net\/es\/servicios\/\"},{\"@type\":\"ListItem\",\"position\":3,\"name\":\"Laboratorio\"}]},{\"@type\":\"WebSite\",\"@id\":\"https:\/\/www.drkuye.net\/#website\",\"url\":\"https:\/\/www.drkuye.net\/\",\"name\":\"Kuye Medical Group\",\"description\":\"Serving Harlingen &amp; the RGV\",\"publisher\":{\"@id\":\"https:\/\/www.drkuye.net\/#organization\"},\"alternateName\":\"Cano Medical Center\",\"potentialAction\":[{\"@type\":\"SearchAction\",\"target\":{\"@type\":\"EntryPoint\",\"urlTemplate\":\"https:\/\/www.drkuye.net\/?s={search_term_string}\"},\"query-input\":{\"@type\":\"PropertyValueSpecification\",\"valueRequired\":true,\"valueName\":\"search_term_string\"}}],\"inLanguage\":\"es-MX\"},{\"@type\":\"Organization\",\"@id\":\"https:\/\/www.drkuye.net\/#organization\",\"name\":\"Kuye Medical Group\",\"alternateName\":\"Cano Medical Center\",\"url\":\"https:\/\/www.drkuye.net\/\",\"logo\":{\"@type\":\"ImageObject\",\"inLanguage\":\"es-MX\",\"@id\":\"https:\/\/www.drkuye.net\/#\/schema\/logo\/image\/\",\"url\":\"https:\/\/www.drkuye.net\/wp-content\/uploads\/2022\/11\/Kuye-Medical-Group-logo-01.png\",\"contentUrl\":\"https:\/\/www.drkuye.net\/wp-content\/uploads\/2022\/11\/Kuye-Medical-Group-logo-01.png\",\"width\":2400,\"height\":776,\"caption\":\"Kuye Medical Group\"},\"image\":{\"@id\":\"https:\/\/www.drkuye.net\/#\/schema\/logo\/image\/\"},\"sameAs\":[\"https:\/\/www.facebook.com\/kuyemedicalgroup\/\",\"https:\/\/www.youtube.com\/@kuyemedicalgroup4111\",\"https:\/\/www.linkedin.com\/company\/kuye-medical-group\/about\/\",\"https:\/\/www.instagram.com\/kuyemedicalgroup\/\"]}]}<\/script>\n<!-- \/ Yoast SEO plugin. -->","yoast_head_json":{"title":"Laboratorio | Centro M\u00e9dico Cano | Harlingen TX","description":"Servicios de laboratorio de vanguardia en el Centro M\u00e9dico Cano de Harlingen, TX. Pruebas precisas para diagn\u00f3sticos oportunos.","robots":{"index":"index","follow":"follow","max-snippet":"max-snippet:-1","max-image-preview":"max-image-preview:large","max-video-preview":"max-video-preview:-1"},"canonical":"https:\/\/www.drkuye.net\/es\/servicios\/laboratorio\/","og_locale":"es_MX","og_type":"article","og_title":"Laboratorio | Centro M\u00e9dico Cano | Harlingen TX","og_description":"Servicios de laboratorio de vanguardia en el Centro M\u00e9dico Cano de Harlingen, TX. Pruebas precisas para diagn\u00f3sticos oportunos.","og_url":"https:\/\/www.drkuye.net\/es\/servicios\/laboratorio\/","og_site_name":"Kuye Medical Group","article_publisher":"https:\/\/www.facebook.com\/kuyemedicalgroup\/","article_modified_time":"2025-10-14T18:44:22+00:00","og_image":[{"width":760,"height":508,"url":"https:\/\/www.drkuye.net\/wp-content\/uploads\/2024\/11\/harlingen-img_3.png","type":"image\/png"}],"twitter_card":"summary_large_image","twitter_misc":{"Est. reading time":"4 minutes"},"schema":{"@context":"https:\/\/schema.org","@graph":[{"@type":"WebPage","@id":"https:\/\/www.drkuye.net\/es\/servicios\/laboratorio\/","url":"https:\/\/www.drkuye.net\/es\/servicios\/laboratorio\/","name":"Laboratorio | Centro M\u00e9dico Cano | Harlingen TX","isPartOf":{"@id":"https:\/\/www.drkuye.net\/#website"},"datePublished":"2024-12-23T16:13:38+00:00","dateModified":"2025-10-14T18:44:22+00:00","description":"Servicios de laboratorio de vanguardia en el Centro M\u00e9dico Cano de Harlingen, TX. Pruebas precisas para diagn\u00f3sticos oportunos.","breadcrumb":{"@id":"https:\/\/www.drkuye.net\/es\/servicios\/laboratorio\/#breadcrumb"},"inLanguage":"es-MX","potentialAction":[{"@type":"ReadAction","target":["https:\/\/www.drkuye.net\/es\/servicios\/laboratorio\/"]}]},{"@type":"BreadcrumbList","@id":"https:\/\/www.drkuye.net\/es\/servicios\/laboratorio\/#breadcrumb","itemListElement":[{"@type":"ListItem","position":1,"name":"Home","item":"https:\/\/www.drkuye.net\/"},{"@type":"ListItem","position":2,"name":"Servicios","item":"https:\/\/www.drkuye.net\/es\/servicios\/"},{"@type":"ListItem","position":3,"name":"Laboratorio"}]},{"@type":"WebSite","@id":"https:\/\/www.drkuye.net\/#website","url":"https:\/\/www.drkuye.net\/","name":"Kuye Medical Group","description":"Serving Harlingen &amp; the RGV","publisher":{"@id":"https:\/\/www.drkuye.net\/#organization"},"alternateName":"Cano Medical Center","potentialAction":[{"@type":"SearchAction","target":{"@type":"EntryPoint","urlTemplate":"https:\/\/www.drkuye.net\/?s={search_term_string}"},"query-input":{"@type":"PropertyValueSpecification","valueRequired":true,"valueName":"search_term_string"}}],"inLanguage":"es-MX"},{"@type":"Organization","@id":"https:\/\/www.drkuye.net\/#organization","name":"Kuye Medical Group","alternateName":"Cano Medical Center","url":"https:\/\/www.drkuye.net\/","logo":{"@type":"ImageObject","inLanguage":"es-MX","@id":"https:\/\/www.drkuye.net\/#\/schema\/logo\/image\/","url":"https:\/\/www.drkuye.net\/wp-content\/uploads\/2022\/11\/Kuye-Medical-Group-logo-01.png","contentUrl":"https:\/\/www.drkuye.net\/wp-content\/uploads\/2022\/11\/Kuye-Medical-Group-logo-01.png","width":2400,"height":776,"caption":"Kuye Medical Group"},"image":{"@id":"https:\/\/www.drkuye.net\/#\/schema\/logo\/image\/"},"sameAs":["https:\/\/www.facebook.com\/kuyemedicalgroup\/","https:\/\/www.youtube.com\/@kuyemedicalgroup4111","https:\/\/www.linkedin.com\/company\/kuye-medical-group\/about\/","https:\/\/www.instagram.com\/kuyemedicalgroup\/"]}]}},"_links":{"self":[{"href":"https:\/\/www.drkuye.net\/es\/wp-json\/wp\/v2\/pages\/7832","targetHints":{"allow":["GET"]}}],"collection":[{"href":"https:\/\/www.drkuye.net\/es\/wp-json\/wp\/v2\/pages"}],"about":[{"href":"https:\/\/www.drkuye.net\/es\/wp-json\/wp\/v2\/types\/page"}],"author":[{"embeddable":true,"href":"https:\/\/www.drkuye.net\/es\/wp-json\/wp\/v2\/users\/1"}],"replies":[{"embeddable":true,"href":"https:\/\/www.drkuye.net\/es\/wp-json\/wp\/v2\/comments?post=7832"}],"version-history":[{"count":5,"href":"https:\/\/www.drkuye.net\/es\/wp-json\/wp\/v2\/pages\/7832\/revisions"}],"predecessor-version":[{"id":15444,"href":"https:\/\/www.drkuye.net\/es\/wp-json\/wp\/v2\/pages\/7832\/revisions\/15444"}],"up":[{"embeddable":true,"href":"https:\/\/www.drkuye.net\/es\/wp-json\/wp\/v2\/pages\/7849"}],"wp:attachment":[{"href":"https:\/\/www.drkuye.net\/es\/wp-json\/wp\/v2\/media?parent=7832"}],"curies":[{"name":"wp","href":"https:\/\/api.w.org\/{rel}","templated":true}]}}